{"id":267,"date":"2019-10-13T09:07:22","date_gmt":"2019-10-13T09:07:22","guid":{"rendered":"https:\/\/ferrelacolmena.com\/?page_id=267"},"modified":"2023-03-11T22:19:58","modified_gmt":"2023-03-11T22:19:58","slug":"contact-2","status":"publish","type":"page","link":"https:\/\/ferrelacolmena.com\/?page_id=267","title":{"rendered":"Contact"},"content":{"rendered":"\t\t<div data-elementor-type=\"wp-page\" data-elementor-id=\"267\" class=\"elementor elementor-267\">\n\t\t\t\t\t\t<section class=\"elementor-section elementor-top-section elementor-element elementor-element-3bc2661 elementor-section-boxed elementor-section-height-default elementor-section-height-default\" data-id=\"3bc2661\" data-element_type=\"section\">\n\t\t\t\t\t\t<div class=\"elementor-container elementor-column-gap-no\">\n\t\t\t\t\t<div class=\"aux-parallax-section elementor-column elementor-col-50 elementor-top-column elementor-element elementor-element-6f66ef4\" data-id=\"6f66ef4\" data-element_type=\"column\">\n\t\t\t<div class=\"elementor-widget-wrap elementor-element-populated\">\n\t\t\t\t\t\t<div class=\"elementor-element elementor-element-519a4be aux-appear-watch-animation aux-fade-in-up-1 elementor-widget elementor-widget-aux_modern_heading\" data-id=\"519a4be\" data-element_type=\"widget\" data-widget_type=\"aux_modern_heading.default\">\n\t\t\t\t<div class=\"elementor-widget-container\">\n\t\t\t<section class=\"aux-widget-modern-heading\">\n            <div class=\"aux-widget-inner\"><h5 class=\"aux-modern-heading-primary\">Contactanos<\/h5><h3 class=\"aux-modern-heading-secondary\"><span class=\"aux-head-before\">Env\u00edanos un mensaje<\/span><\/h3><div class=\"aux-modern-heading-description\"><p>Presupuestos, disponibilidad y cualquier otra duda<\/p><\/div><\/div>\n        <\/section>\t\t<\/div>\n\t\t\t\t<\/div>\n\t\t\t\t<div class=\"elementor-element elementor-element-76d1d2f aux-appear-watch-animation aux-fade-in-right-1 elementor-widget elementor-widget-aux_contact_form\" data-id=\"76d1d2f\" data-element_type=\"widget\" data-widget_type=\"aux_contact_form.default\">\n\t\t\t\t<div class=\"elementor-widget-container\">\n\t\t\t<section class=\"widget-container aux-widget-contact-form aux-parent-aua466715c\">            <div class=\"aux-col-wrapper aux-no-gutter\">\n            <!-- @TODO - The output for element here -->\n\n            <div class=\"wpforms-container wpforms-container-full\" id=\"wpforms-1473\"><form id=\"wpforms-form-1473\" class=\"wpforms-validate wpforms-form wpforms-ajax-form\" data-formid=\"1473\" method=\"post\" enctype=\"multipart\/form-data\" action=\"\/index.php?rest_route=%2Fwp%2Fv2%2Fpages%2F267\" data-token=\"bbfbce82771753275b93ba3e744950ca\"><noscript class=\"wpforms-error-noscript\">Please enable JavaScript in your browser to complete this form.<\/noscript><div class=\"wpforms-field-container\"><div id=\"wpforms-1473-field_0-container\" class=\"wpforms-field wpforms-field-name\" data-field-id=\"0\"><label class=\"wpforms-field-label\" for=\"wpforms-1473-field_0\">Nombre <span class=\"wpforms-required-label\">*<\/span><\/label><input type=\"text\" id=\"wpforms-1473-field_0\" class=\"wpforms-field-medium wpforms-field-required\" name=\"wpforms[fields][0]\" required><\/div><div id=\"wpforms-1473-field_1-container\" class=\"wpforms-field wpforms-field-email\" data-field-id=\"1\"><label class=\"wpforms-field-label\" for=\"wpforms-1473-field_1\">Correo electr\u00f3nico <span class=\"wpforms-required-label\">*<\/span><\/label><input type=\"email\" id=\"wpforms-1473-field_1\" class=\"wpforms-field-medium wpforms-field-required\" name=\"wpforms[fields][1]\" spellcheck=\"false\" required><\/div><div id=\"wpforms-1473-field_2-container\" class=\"wpforms-field wpforms-field-textarea\" data-field-id=\"2\"><label class=\"wpforms-field-label\" for=\"wpforms-1473-field_2\">Mensaje<\/label><textarea id=\"wpforms-1473-field_2\" class=\"wpforms-field-medium\" name=\"wpforms[fields][2]\" ><\/textarea><\/div><\/div><!-- .wpforms-field-container --><div class=\"wpforms-submit-container\" ><input type=\"hidden\" name=\"wpforms[id]\" value=\"1473\"><input type=\"hidden\" name=\"wpforms[author]\" value=\"1\"><button type=\"submit\" name=\"wpforms[submit]\" id=\"wpforms-submit-1473\" class=\"wpforms-submit\" data-alt-text=\"Enviando\" data-submit-text=\"Enviar\" aria-live=\"assertive\" value=\"wpforms-submit\">Enviar<\/button><img decoding=\"async\" src=\"https:\/\/ferrelacolmena.com\/wp-content\/plugins\/wpforms-lite\/assets\/images\/submit-spin.svg\" class=\"wpforms-submit-spinner\" style=\"display: none;\" width=\"26\" height=\"26\" alt=\"Loading\"><\/div><\/form><\/div>  <!-- .wpforms-container -->\t\n\n            <\/div><!-- aux-col-wrapper -->\n    <\/section><!-- widget-container -->\t\t<\/div>\n\t\t\t\t<\/div>\n\t\t\t\t\t<\/div>\n\t\t<\/div>\n\t\t\t\t<div class=\"aux-parallax-section elementor-column elementor-col-50 elementor-top-column elementor-element elementor-element-599c58b aux-appear-watch-animation aux-fade-in-left-1\" data-id=\"599c58b\" data-element_type=\"column\" data-settings=\"{&quot;background_background&quot;:&quot;gradient&quot;}\">\n\t\t\t<div class=\"elementor-widget-wrap elementor-element-populated\">\n\t\t\t\t\t\t<div class=\"elementor-element elementor-element-67c0b40 aux-appear-watch-animation aux-fade-in-up-1 elementor-widget elementor-widget-aux_modern_heading\" data-id=\"67c0b40\" data-element_type=\"widget\" data-widget_type=\"aux_modern_heading.default\">\n\t\t\t\t<div class=\"elementor-widget-container\">\n\t\t\t<section class=\"aux-widget-modern-heading\">\n            <div class=\"aux-widget-inner\"><h2 class=\"aux-modern-heading-primary\">Contacto<\/h2><\/div>\n        <\/section>\t\t<\/div>\n\t\t\t\t<\/div>\n\t\t\t\t<div class=\"elementor-element elementor-element-68ff004 elementor-widget elementor-widget-aux_divider\" data-id=\"68ff004\" data-element_type=\"widget\" data-widget_type=\"aux_divider.default\">\n\t\t\t\t<div class=\"elementor-widget-container\">\n\t\t\t<hr class=\"aux-divider-center aux-divider-align-center\" >\t\t<\/div>\n\t\t\t\t<\/div>\n\t\t\t\t<section class=\"elementor-section elementor-inner-section elementor-element elementor-element-1100b89 aux-appear-watch-animation aux-fade-in-down-1 elementor-section-boxed elementor-section-height-default elementor-section-height-default\" data-id=\"1100b89\" data-element_type=\"section\">\n\t\t\t\t\t\t<div class=\"elementor-container elementor-column-gap-default\">\n\t\t\t\t\t<div class=\"aux-parallax-section elementor-column elementor-col-50 elementor-inner-column elementor-element elementor-element-745bbdb elementor-invisible\" data-id=\"745bbdb\" data-element_type=\"column\" data-settings=\"{&quot;animation&quot;:&quot;fadeIn&quot;}\">\n\t\t\t<div class=\"elementor-widget-wrap elementor-element-populated\">\n\t\t\t\t\t\t<div class=\"elementor-element elementor-element-d472f64 elementor-widget__width-auto elementor-widget elementor-widget-aux_image\" data-id=\"d472f64\" data-element_type=\"widget\" data-widget_type=\"aux_image.default\">\n\t\t\t\t<div class=\"elementor-widget-container\">\n\t\t\t<section class=\"widget-container aux-widget-image aux-alignnone aux-parent-au97993e75\">\n    <div class=\"aux-media-hint-frame \">\n        <div class=\"aux-media-image aux-hover-active\" >\n                    <a class=\"\" href=\"https:\/\/goo.gl\/maps\/HF17UUaShTCDvFEcA\" data-elementor-open-lightbox=\"no\" data-original-width=\"33\" data-original-height=\"49\" data-caption=\"demo-attachment-1661-placeholder\" target=\"_self\"  >\n        \n            \n\n            \n            <img decoding=\"async\" width=\"33\" height=\"49\" src=\"https:\/\/ferrelacolmena.com\/wp-content\/uploads\/2021\/06\/placeholder.svg\" class=\"aux-attachment aux-featured-image aux-attachment-id-202\" alt=\"demo-attachment-1661-placeholder\" data-ratio=\"0.67\" data-original-w=\"33\" \/>            \n                    <\/a>\n                <\/div>\n    <\/div>\n\n<\/section><!-- widget-container -->\t\t<\/div>\n\t\t\t\t<\/div>\n\t\t\t\t\t<\/div>\n\t\t<\/div>\n\t\t\t\t<div class=\"aux-parallax-section elementor-column elementor-col-50 elementor-inner-column elementor-element elementor-element-83980dc\" data-id=\"83980dc\" data-element_type=\"column\">\n\t\t\t<div class=\"elementor-widget-wrap elementor-element-populated\">\n\t\t\t\t\t\t<div class=\"elementor-element elementor-element-93cb28c elementor-widget elementor-widget-aux_modern_heading\" data-id=\"93cb28c\" data-element_type=\"widget\" data-widget_type=\"aux_modern_heading.default\">\n\t\t\t\t<div class=\"elementor-widget-container\">\n\t\t\t<section class=\"aux-widget-modern-heading\">\n            <div class=\"aux-widget-inner\"><h2 class=\"aux-modern-heading-primary\">Vis\u00edtanos: <\/h2><div class=\"aux-modern-heading-description\"><p>Carr. 1, entre calles 5 y 6, Nueva Segovia, Lara.<\/p><\/div><\/div>\n        <\/section>\t\t<\/div>\n\t\t\t\t<\/div>\n\t\t\t\t\t<\/div>\n\t\t<\/div>\n\t\t\t\t\t<\/div>\n\t\t<\/section>\n\t\t\t\t<section class=\"elementor-section elementor-inner-section elementor-element elementor-element-efc6dfe aux-appear-watch-animation aux-scale-up-1 elementor-section-boxed elementor-section-height-default elementor-section-height-default\" data-id=\"efc6dfe\" data-element_type=\"section\">\n\t\t\t\t\t\t<div class=\"elementor-container elementor-column-gap-default\">\n\t\t\t\t\t<div class=\"aux-parallax-section elementor-column elementor-col-50 elementor-inner-column elementor-element elementor-element-8b162c2\" data-id=\"8b162c2\" data-element_type=\"column\">\n\t\t\t<div class=\"elementor-widget-wrap elementor-element-populated\">\n\t\t\t\t\t\t<div class=\"elementor-element elementor-element-1df544f elementor-widget__width-auto elementor-widget elementor-widget-aux_image\" data-id=\"1df544f\" data-element_type=\"widget\" data-widget_type=\"aux_image.default\">\n\t\t\t\t<div class=\"elementor-widget-container\">\n\t\t\t<section class=\"widget-container aux-widget-image aux-alignnone aux-parent-au33b44b74\">\n    <div class=\"aux-media-hint-frame \">\n        <div class=\"aux-media-image \" >\n        \n            \n\n            \n            <img decoding=\"async\" width=\"49\" height=\"29\" src=\"https:\/\/ferrelacolmena.com\/wp-content\/uploads\/2021\/06\/send.svg\" class=\"aux-attachment aux-featured-image aux-attachment-id-200\" alt=\"demo-attachment-1663-send\" data-ratio=\"1.69\" data-original-w=\"49\" \/>            \n                <\/div>\n    <\/div>\n\n<\/section><!-- widget-container -->\t\t<\/div>\n\t\t\t\t<\/div>\n\t\t\t\t\t<\/div>\n\t\t<\/div>\n\t\t\t\t<div class=\"aux-parallax-section elementor-column elementor-col-50 elementor-inner-column elementor-element elementor-element-2d6a217\" data-id=\"2d6a217\" data-element_type=\"column\">\n\t\t\t<div class=\"elementor-widget-wrap elementor-element-populated\">\n\t\t\t\t\t\t<div class=\"elementor-element elementor-element-25dbce2 elementor-widget elementor-widget-aux_modern_heading\" data-id=\"25dbce2\" data-element_type=\"widget\" data-widget_type=\"aux_modern_heading.default\">\n\t\t\t\t<div class=\"elementor-widget-container\">\n\t\t\t<section class=\"aux-widget-modern-heading\">\n            <div class=\"aux-widget-inner\"><h2 class=\"aux-modern-heading-primary\">Escr\u00edbenos:<\/h2><div class=\"aux-modern-heading-description\"><div class=\"qpEBEc\"><div class=\"q6rarf\"><div class=\"Wdz6e ZnExKf\">Compras@ferrelacolmena.com<\/div><div>Ventas@ferrelacolmena.com<\/div><\/div><\/div><\/div><\/div>\n        <\/section>\t\t<\/div>\n\t\t\t\t<\/div>\n\t\t\t\t\t<\/div>\n\t\t<\/div>\n\t\t\t\t\t<\/div>\n\t\t<\/section>\n\t\t\t\t<section class=\"elementor-section elementor-inner-section elementor-element elementor-element-ad2b7bf aux-appear-watch-animation aux-fade-in-up-1 elementor-section-boxed elementor-section-height-default elementor-section-height-default\" data-id=\"ad2b7bf\" data-element_type=\"section\">\n\t\t\t\t\t\t<div class=\"elementor-container elementor-column-gap-default\">\n\t\t\t\t\t<div class=\"aux-parallax-section elementor-column elementor-col-50 elementor-inner-column elementor-element elementor-element-c80c102\" data-id=\"c80c102\" data-element_type=\"column\">\n\t\t\t<div class=\"elementor-widget-wrap elementor-element-populated\">\n\t\t\t\t\t\t<div class=\"elementor-element elementor-element-bde21fb elementor-widget__width-auto elementor-widget elementor-widget-aux_image\" data-id=\"bde21fb\" data-element_type=\"widget\" data-widget_type=\"aux_image.default\">\n\t\t\t\t<div class=\"elementor-widget-container\">\n\t\t\t<section class=\"widget-container aux-widget-image aux-alignnone aux-parent-au7c0cd62a\">\n    <div class=\"aux-media-hint-frame \">\n        <div class=\"aux-media-image \" >\n        \n            \n\n            \n            <img loading=\"lazy\" decoding=\"async\" width=\"27\" height=\"49\" src=\"https:\/\/ferrelacolmena.com\/wp-content\/uploads\/2021\/06\/iphone.svg\" class=\"aux-attachment aux-featured-image aux-attachment-id-201\" alt=\"demo-attachment-1662-iphone\" data-ratio=\"0.55\" data-original-w=\"27\" \/>            \n                <\/div>\n    <\/div>\n\n<\/section><!-- widget-container -->\t\t<\/div>\n\t\t\t\t<\/div>\n\t\t\t\t\t<\/div>\n\t\t<\/div>\n\t\t\t\t<div class=\"aux-parallax-section elementor-column elementor-col-50 elementor-inner-column elementor-element elementor-element-f432850\" data-id=\"f432850\" data-element_type=\"column\">\n\t\t\t<div class=\"elementor-widget-wrap elementor-element-populated\">\n\t\t\t\t\t\t<div class=\"elementor-element elementor-element-8314c19 elementor-widget elementor-widget-aux_modern_heading\" data-id=\"8314c19\" data-element_type=\"widget\" data-widget_type=\"aux_modern_heading.default\">\n\t\t\t\t<div class=\"elementor-widget-container\">\n\t\t\t<section class=\"aux-widget-modern-heading\">\n            <div class=\"aux-widget-inner\"><h2 class=\"aux-modern-heading-primary\">Ll\u00e1manos :<\/h2><div class=\"aux-modern-heading-description\"><p>+58\u00a0412-5156653<br \/>+58 251-2544519<\/p><\/div><\/div>\n        <\/section>\t\t<\/div>\n\t\t\t\t<\/div>\n\t\t\t\t\t<\/div>\n\t\t<\/div>\n\t\t\t\t\t<\/div>\n\t\t<\/section>\n\t\t\t\t\t<\/div>\n\t\t<\/div>\n\t\t\t\t\t<\/div>\n\t\t<\/section>\n\t\t\t\t<section class=\"elementor-section elementor-top-section elementor-element elementor-element-e629160 elementor-section-boxed elementor-section-height-default elementor-section-height-default\" data-id=\"e629160\" data-element_type=\"section\">\n\t\t\t\t\t\t<div class=\"elementor-container elementor-column-gap-default\">\n\t\t\t\t\t<div class=\"aux-parallax-section elementor-column elementor-col-100 elementor-top-column elementor-element elementor-element-644a5f1\" data-id=\"644a5f1\" data-element_type=\"column\">\n\t\t\t<div class=\"elementor-widget-wrap elementor-element-populated\">\n\t\t\t\t\t\t<div class=\"elementor-element elementor-element-67c63e0 elementor-widget elementor-widget-google_maps\" data-id=\"67c63e0\" data-element_type=\"widget\" data-widget_type=\"google_maps.default\">\n\t\t\t\t<div class=\"elementor-widget-container\">\n\t\t\t\t\t<div class=\"elementor-custom-embed\">\n\t\t\t<iframe loading=\"lazy\"\n\t\t\t\t\tsrc=\"https:\/\/maps.google.com\/maps?q=3P74%2BGQ%20Barquisimeto%2C%20Lara%2C%20Venezuela&#038;t=m&#038;z=17&#038;output=embed&#038;iwloc=near\"\n\t\t\t\t\ttitle=\"3P74+GQ Barquisimeto, Lara, Venezuela\"\n\t\t\t\t\taria-label=\"3P74+GQ Barquisimeto, Lara, Venezuela\"\n\t\t\t><\/iframe>\n\t\t<\/div>\n\t\t\t\t<\/div>\n\t\t\t\t<\/div>\n\t\t\t\t\t<\/div>\n\t\t<\/div>\n\t\t\t\t\t<\/div>\n\t\t<\/section>\n\t\t\t\t<\/div>\n\t\t","protected":false},"excerpt":{"rendered":"<p>Contactanos Env\u00edanos un mensaje Presupuestos, disponibilidad y cualquier otra duda Please enable JavaScript in your browser to complete this form.Nombre *Correo electr\u00f3nico *Mensaje Enviar Contacto Vis\u00edtanos: Carr. 1, entre calles 5 y 6, Nueva Segovia, Lara. Escr\u00edbenos: Compras@ferrelacolmena.comVentas@ferrelacolmena.com Ll\u00e1manos : +58\u00a0412-5156653+58 251-2544519<\/p>\n","protected":false},"author":1,"featured_media":0,"parent":0,"menu_order":0,"comment_status":"closed","ping_status":"closed","template":"templates\/page-builder-content.php","meta":{"footnotes":""},"class_list":["post-267","page","type-page","status-publish","hentry"],"aioseo_notices":[],"_links":{"self":[{"href":"https:\/\/ferrelacolmena.com\/index.php?rest_route=\/wp\/v2\/pages\/267","targetHints":{"allow":["GET"]}}],"collection":[{"href":"https:\/\/ferrelacolmena.com\/index.php?rest_route=\/wp\/v2\/pages"}],"about":[{"href":"https:\/\/ferrelacolmena.com\/index.php?rest_route=\/wp\/v2\/types\/page"}],"author":[{"embeddable":true,"href":"https:\/\/ferrelacolmena.com\/index.php?rest_route=\/wp\/v2\/users\/1"}],"replies":[{"embeddable":true,"href":"https:\/\/ferrelacolmena.com\/index.php?rest_route=%2Fwp%2Fv2%2Fcomments&post=267"}],"version-history":[{"count":39,"href":"https:\/\/ferrelacolmena.com\/index.php?rest_route=\/wp\/v2\/pages\/267\/revisions"}],"predecessor-version":[{"id":1502,"href":"https:\/\/ferrelacolmena.com\/index.php?rest_route=\/wp\/v2\/pages\/267\/revisions\/1502"}],"wp:attachment":[{"href":"https:\/\/ferrelacolmena.com\/index.php?rest_route=%2Fwp%2Fv2%2Fmedia&parent=267"}],"curies":[{"name":"wp","href":"https:\/\/api.w.org\/{rel}","templated":true}]}}