{"id":335,"date":"2023-02-15T22:09:07","date_gmt":"2023-02-15T22:09:07","guid":{"rendered":"https:\/\/ferrelacolmena.com\/?page_id=335"},"modified":"2023-03-11T19:44:59","modified_gmt":"2023-03-11T19:44:59","slug":"servicios-sociales","status":"publish","type":"page","link":"https:\/\/ferrelacolmena.com\/?page_id=335","title":{"rendered":"Servicios Sociales"},"content":{"rendered":"\t\t<div data-elementor-type=\"wp-page\" data-elementor-id=\"335\" class=\"elementor elementor-335\">\n\t\t\t\t\t\t<section class=\"elementor-section elementor-top-section elementor-element elementor-element-d1ac29c elementor-section-content-top elementor-section-boxed elementor-section-height-default elementor-section-height-default\" data-id=\"d1ac29c\" data-element_type=\"section\">\n\t\t\t\t\t\t<div class=\"elementor-container elementor-column-gap-no\">\n\t\t\t\t\t<div class=\"aux-parallax-section elementor-column elementor-col-50 elementor-top-column elementor-element elementor-element-fd6e4dd\" data-id=\"fd6e4dd\" data-element_type=\"column\">\n\t\t\t<div class=\"elementor-widget-wrap elementor-element-populated\">\n\t\t\t\t\t\t<div class=\"elementor-element elementor-element-fa2a663 elementor-widget__width-initial elementor-widget elementor-widget-video\" data-id=\"fa2a663\" data-element_type=\"widget\" data-settings=\"{&quot;video_type&quot;:&quot;hosted&quot;,&quot;autoplay&quot;:&quot;yes&quot;,&quot;play_on_mobile&quot;:&quot;yes&quot;,&quot;loop&quot;:&quot;yes&quot;,&quot;controls&quot;:&quot;yes&quot;}\" data-widget_type=\"video.default\">\n\t\t\t\t<div class=\"elementor-widget-container\">\n\t\t\t\t\t<div class=\"e-hosted-video elementor-wrapper elementor-open-inline\">\n\t\t\t\t\t<video class=\"elementor-video\" src=\"https:\/\/ferrelacolmena.com\/wp-content\/uploads\/2023\/03\/10000000_499604588752305_6328331786046815310_n.mp4\" autoplay=\"\" loop=\"\" controls=\"\" playsinline=\"\" controlsList=\"nodownload\"><\/video>\n\t\t\t\t<\/div>\n\t\t\t\t<\/div>\n\t\t\t\t<\/div>\n\t\t\t\t\t<\/div>\n\t\t<\/div>\n\t\t\t\t<div class=\"aux-parallax-section elementor-column elementor-col-50 elementor-top-column elementor-element elementor-element-c00d2c6\" data-id=\"c00d2c6\" data-element_type=\"column\">\n\t\t\t<div class=\"elementor-widget-wrap elementor-element-populated\">\n\t\t\t\t\t\t<div class=\"elementor-element elementor-element-365c81f aux-appear-watch-animation aux-fade-in-right-1 elementor-widget elementor-widget-aux_modern_heading\" data-id=\"365c81f\" data-element_type=\"widget\" data-widget_type=\"aux_modern_heading.default\">\n\t\t\t\t<div class=\"elementor-widget-container\">\n\t\t\t<section class=\"aux-widget-modern-heading\">\n            <div class=\"aux-widget-inner\"><h5 class=\"aux-modern-heading-primary\"><\/h5><h3 class=\"aux-modern-heading-secondary\"><span class=\"aux-head-before\">Servicios Sociales<\/span><\/h3><div class=\"aux-modern-heading-description\"><p>En La Colmena creemos que<strong> es mejor dar que recibir<\/strong>, por esta raz\u00f3n hemos establecido una alianza con <strong>Fundaci\u00f3n Ciudad de los Muchachos<\/strong> donde estamos comprometidos con el bienestar de los ni\u00f1os y sus instalaciones. Sin embargo, es una labor que no podemos realizar solos, nuestros aliados comerciales son una parte indispensable de esto pero tambi\u00e9n te necesitamos a TI! <\/p><p>Estamos comprometidos con el pa\u00eds, nuestro equipo y la comunidad que nos rodea. La Colmena es una marca que refleja cada d\u00eda los valores de honestidad, perseverancia, calidad, compromiso, empat\u00eda y servicio.<\/p><\/div><\/div>\n        <\/section>\t\t<\/div>\n\t\t\t\t<\/div>\n\t\t\t\t<div class=\"elementor-element elementor-element-8482f8e elementor-widget__width-auto elementor-widget elementor-widget-aux_modern_button\" data-id=\"8482f8e\" data-element_type=\"widget\" data-widget_type=\"aux_modern_button.default\">\n\t\t\t\t<div class=\"elementor-widget-container\">\n\t\t\t    <div class=\"aux-modern-button-wrapper aux-modern-button-align-left\" >\n                    <a class=\"aux-modern-button aux-black aux-modern-button-md aux-modern-button-normal aux-modern-button-default aux-icon-left\" href=\"http:\/\/wa.me\/message\/S5YO6SQSYVVXA1\">\n                <div class=\"aux-overlay\"><\/div>\n                                    <div class=\"aux-icon \">\n                        <i aria-hidden=\"true\" class=\"fas fa-hands-helping\"><\/i>                    <\/div>\n                                <div class=\"aux-text\">\n<span class=\"aux-text-before\">QUIERO AYUDAR<\/span>                <\/div>\n            <\/a>\n            \n    <\/div>\n\n    \t\t<\/div>\n\t\t\t\t<\/div>\n\t\t\t\t\t<\/div>\n\t\t<\/div>\n\t\t\t\t\t<\/div>\n\t\t<\/section>\n\t\t\t\t<section class=\"elementor-section elementor-top-section elementor-element elementor-element-dda3195 elementor-section-boxed elementor-section-height-default elementor-section-height-default\" data-id=\"dda3195\" data-element_type=\"section\">\n\t\t\t\t\t\t<div class=\"elementor-container elementor-column-gap-default\">\n\t\t\t\t\t<div class=\"aux-parallax-section elementor-column elementor-col-100 elementor-top-column elementor-element elementor-element-e9c8fa0\" data-id=\"e9c8fa0\" data-element_type=\"column\">\n\t\t\t<div class=\"elementor-widget-wrap elementor-element-populated\">\n\t\t\t\t\t\t\t<\/div>\n\t\t<\/div>\n\t\t\t\t\t<\/div>\n\t\t<\/section>\n\t\t\t\t<\/div>\n\t\t","protected":false},"excerpt":{"rendered":"<p>https:\/\/ferrelacolmena.com\/wp-content\/uploads\/2023\/03\/10000000_499604588752305_6328331786046815310_n.mp4 Servicios Sociales En La Colmena creemos que es mejor dar que recibir, por esta raz\u00f3n hemos establecido una alianza con Fundaci\u00f3n Ciudad de los Muchachos donde estamos comprometidos con el bienestar de los ni\u00f1os y sus instalaciones. Sin embargo, es una labor que no podemos realizar solos, nuestros aliados comerciales son una parte indispensable [&hellip;]<\/p>\n","protected":false},"author":1,"featured_media":0,"parent":0,"menu_order":0,"comment_status":"closed","ping_status":"closed","template":"","meta":{"footnotes":""},"class_list":["post-335","page","type-page","status-publish","hentry"],"aioseo_notices":[],"_links":{"self":[{"href":"https:\/\/ferrelacolmena.com\/index.php?rest_route=\/wp\/v2\/pages\/335","targetHints":{"allow":["GET"]}}],"collection":[{"href":"https:\/\/ferrelacolmena.com\/index.php?rest_route=\/wp\/v2\/pages"}],"about":[{"href":"https:\/\/ferrelacolmena.com\/index.php?rest_route=\/wp\/v2\/types\/page"}],"author":[{"embeddable":true,"href":"https:\/\/ferrelacolmena.com\/index.php?rest_route=\/wp\/v2\/users\/1"}],"replies":[{"embeddable":true,"href":"https:\/\/ferrelacolmena.com\/index.php?rest_route=%2Fwp%2Fv2%2Fcomments&post=335"}],"version-history":[{"count":70,"href":"https:\/\/ferrelacolmena.com\/index.php?rest_route=\/wp\/v2\/pages\/335\/revisions"}],"predecessor-version":[{"id":1347,"href":"https:\/\/ferrelacolmena.com\/index.php?rest_route=\/wp\/v2\/pages\/335\/revisions\/1347"}],"wp:attachment":[{"href":"https:\/\/ferrelacolmena.com\/index.php?rest_route=%2Fwp%2Fv2%2Fmedia&parent=335"}],"curies":[{"name":"wp","href":"https:\/\/api.w.org\/{rel}","templated":true}]}}